{"id":12377,"date":"2015-11-03T02:46:28","date_gmt":"2015-11-03T07:46:28","guid":{"rendered":"https:\/\/ecoledecoiffure.ca\/become-a-teacher\/"},"modified":"2026-04-13T04:28:21","modified_gmt":"2026-04-13T08:28:21","slug":"become-a-teacher","status":"publish","type":"page","link":"https:\/\/ecoledecoiffure.ca\/fr\/become-a-teacher\/","title":{"rendered":"Become a Teacher"},"content":{"rendered":"\t\t<div data-elementor-type=\"wp-post\" data-elementor-id=\"12377\" class=\"elementor elementor-12377\" data-elementor-post-type=\"page\">\n\t\t\t\t\t\t<section class=\"elementor-section elementor-top-section elementor-element elementor-element-ef5fe4b elementor-section-boxed elementor-section-height-default elementor-section-height-default\" data-id=\"ef5fe4b\" data-element_type=\"section\" data-e-type=\"section\">\n\t\t\t\t\t\t<div class=\"elementor-container elementor-column-gap-no\">\n\t\t\t\t\t<div class=\"elementor-column elementor-col-100 elementor-top-column elementor-element elementor-element-dcdc7a9\" data-id=\"dcdc7a9\" data-element_type=\"column\" data-e-type=\"column\">\n\t\t\t<div class=\"elementor-widget-wrap elementor-element-populated\">\n\t\t\t\t\t\t<div class=\"elementor-element elementor-element-7dcf409 thim-ekits-heading-text-center elementor-widget thim-ekits-heading elementor-widget-thim-heading\" data-id=\"7dcf409\" data-element_type=\"widget\" data-e-type=\"widget\" data-widget_type=\"thim-heading.default\">\n\t\t\t\t<div class=\"elementor-widget-container\">\n\t\t\t\t\t<div class=\"sc_heading text-center\"><h3 class=\"title\">Apply As Instructor <\/h3><div class=\"sub-heading\"><p>Join the family<\/p>\n<\/div><span class=\"line\"><\/span><\/div>\t\t\t\t<\/div>\n\t\t\t\t<\/div>\n\t\t\t\t\t<\/div>\n\t\t<\/div>\n\t\t\t\t\t<\/div>\n\t\t<\/section>\n\t\t\t\t<section class=\"elementor-section elementor-top-section elementor-element elementor-element-c7807e6 elementor-section-boxed elementor-section-height-default elementor-section-height-default\" data-id=\"c7807e6\" data-element_type=\"section\" data-e-type=\"section\">\n\t\t\t\t\t\t<div class=\"elementor-container elementor-column-gap-no\">\n\t\t\t\t\t<div class=\"elementor-column elementor-col-100 elementor-top-column elementor-element elementor-element-0451d5b\" data-id=\"0451d5b\" data-element_type=\"column\" data-e-type=\"column\">\n\t\t\t<div class=\"elementor-widget-wrap elementor-element-populated\">\n\t\t\t\t\t\t<div class=\"elementor-element elementor-element-2463128 elementor-widget elementor-widget-text-editor\" data-id=\"2463128\" data-element_type=\"widget\" data-e-type=\"widget\" data-widget_type=\"text-editor.default\">\n\t\t\t\t<div class=\"elementor-widget-container\">\n\t\t\t\t\t\t\t\t\t<p style=\"text-align: center;\"><span style=\"vertical-align: inherit;\"><span style=\"vertical-align: inherit;\">Nous sommes continuellement \u00e0 la recherche de personnes talentueuses et passionn\u00e9es pour se joindre \u00e0 notre \u00e9quipe. <\/span><span style=\"vertical-align: inherit;\">Vous pouvez postuler pour un poste \u00e0 temps partiel ou \u00e0 temps plein en tant qu&rsquo;instructeur dans l&rsquo;une de nos \u00e9coles \u00e0 tout moment.\u00a0<\/span><\/span><\/p>\t\t\t\t\t\t\t\t<\/div>\n\t\t\t\t<\/div>\n\t\t\t\t\t<\/div>\n\t\t<\/div>\n\t\t\t\t\t<\/div>\n\t\t<\/section>\n\t\t\t\t<section class=\"elementor-section elementor-top-section elementor-element elementor-element-b01b394 elementor-section-boxed elementor-section-height-default elementor-section-height-default\" data-id=\"b01b394\" data-element_type=\"section\" data-e-type=\"section\">\n\t\t\t\t\t\t<div class=\"elementor-container elementor-column-gap-no\">\n\t\t\t\t\t<div class=\"elementor-column elementor-col-100 elementor-top-column elementor-element elementor-element-d723cc2\" data-id=\"d723cc2\" data-element_type=\"column\" data-e-type=\"column\">\n\t\t\t<div class=\"elementor-widget-wrap elementor-element-populated\">\n\t\t\t\t\t\t<div class=\"elementor-element elementor-element-800fe82 elementor-widget elementor-widget-image\" data-id=\"800fe82\" data-element_type=\"widget\" data-e-type=\"widget\" data-widget_type=\"image.default\">\n\t\t\t\t<div class=\"elementor-widget-container\">\n\t\t\t\t\t\t\t\t\t\t\t\t\t\t\t<img decoding=\"async\" src=\"https:\/\/txe.35e.myftpupload.com\/wp-content\/uploads\/2021\/12\/handshake-hairstyling-educator-and-female-studen-2021-09-27-22-52-52-utc.jpeg\" title=\"\" alt=\"\" loading=\"lazy\" \/>\t\t\t\t\t\t\t\t\t\t\t\t\t\t\t<\/div>\n\t\t\t\t<\/div>\n\t\t\t\t\t<\/div>\n\t\t<\/div>\n\t\t\t\t\t<\/div>\n\t\t<\/section>\n\t\t\t\t<section class=\"elementor-section elementor-top-section elementor-element elementor-element-13605c6 elementor-section-boxed elementor-section-height-default elementor-section-height-default\" data-id=\"13605c6\" data-element_type=\"section\" data-e-type=\"section\">\n\t\t\t\t\t\t<div class=\"elementor-container elementor-column-gap-no\">\n\t\t\t\t\t<div class=\"elementor-column elementor-col-100 elementor-top-column elementor-element elementor-element-7b719b3\" data-id=\"7b719b3\" data-element_type=\"column\" data-e-type=\"column\">\n\t\t\t<div class=\"elementor-widget-wrap elementor-element-populated\">\n\t\t\t\t\t\t<div class=\"elementor-element elementor-element-76fda43 thim-ekits-heading-text-center elementor-widget thim-ekits-heading elementor-widget-thim-heading\" data-id=\"76fda43\" data-element_type=\"widget\" data-e-type=\"widget\" data-widget_type=\"thim-heading.default\">\n\t\t\t\t<div class=\"elementor-widget-container\">\n\t\t\t\t\t<div class=\"sc_heading text-center\"><h3 class=\"title\">How to become a teacher <\/h3><div class=\"sub-heading\"><p>Please read the guideline bellow to make sure you are eligible for consideration.<\/p>\n<\/div><span class=\"line\"><\/span><\/div>\t\t\t\t<\/div>\n\t\t\t\t<\/div>\n\t\t\t\t\t<\/div>\n\t\t<\/div>\n\t\t\t\t\t<\/div>\n\t\t<\/section>\n\t\t\t\t<section class=\"elementor-section elementor-top-section elementor-element elementor-element-2482687 elementor-section-boxed elementor-section-height-default elementor-section-height-default\" data-id=\"2482687\" data-element_type=\"section\" data-e-type=\"section\">\n\t\t\t\t\t\t<div class=\"elementor-container elementor-column-gap-extended\">\n\t\t\t\t\t<div class=\"elementor-column elementor-col-50 elementor-top-column elementor-element elementor-element-acc3f7f\" data-id=\"acc3f7f\" data-element_type=\"column\" data-e-type=\"column\">\n\t\t\t<div class=\"elementor-widget-wrap elementor-element-populated\">\n\t\t\t\t\t\t<div class=\"elementor-element elementor-element-247f550 elementor-button-align-stretch elementor-widget elementor-widget-form\" data-id=\"247f550\" data-element_type=\"widget\" data-e-type=\"widget\" data-settings=\"{&quot;step_next_label&quot;:&quot;Next&quot;,&quot;step_previous_label&quot;:&quot;Previous&quot;,&quot;button_width&quot;:&quot;100&quot;,&quot;step_type&quot;:&quot;number_text&quot;,&quot;step_icon_shape&quot;:&quot;circle&quot;}\" data-widget_type=\"form.default\">\n\t\t\t\t<div class=\"elementor-widget-container\">\n\t\t\t\t\t\t\t<form class=\"elementor-form\" method=\"post\" name=\"New Form\" aria-label=\"New Form\">\n\t\t\t<input type=\"hidden\" name=\"post_id\" value=\"12377\"\/>\n\t\t\t<input type=\"hidden\" name=\"form_id\" value=\"247f550\"\/>\n\t\t\t<input type=\"hidden\" name=\"referer_title\" value=\"Ecole de coiffure International\" \/>\n\n\t\t\t\n\t\t\t<div class=\"elementor-form-fields-wrapper elementor-labels-above\">\n\t\t\t\t\t\t\t\t<div class=\"elementor-field-type-text elementor-field-group elementor-column elementor-field-group-name elementor-col-100 elementor-field-required elementor-mark-required\">\n\t\t\t\t\t\t\t\t\t\t\t\t<label for=\"form-field-name\" class=\"elementor-field-label\">\n\t\t\t\t\t\t\t\tName\t\t\t\t\t\t\t<\/label>\n\t\t\t\t\t\t\t\t\t\t\t\t\t\t<input size=\"1\" type=\"text\" name=\"form_fields[name]\" id=\"form-field-name\" class=\"elementor-field elementor-size-sm  elementor-field-textual\" placeholder=\"Name\" required=\"required\">\n\t\t\t\t\t\t\t\t\t\t\t<\/div>\n\t\t\t\t\t\t\t\t<div class=\"elementor-field-type-email elementor-field-group elementor-column elementor-field-group-email elementor-col-100\">\n\t\t\t\t\t\t\t\t\t\t\t\t<label for=\"form-field-email\" class=\"elementor-field-label\">\n\t\t\t\t\t\t\t\tEmail\t\t\t\t\t\t\t<\/label>\n\t\t\t\t\t\t\t\t\t\t\t\t\t\t<input size=\"1\" type=\"email\" name=\"form_fields[email]\" id=\"form-field-email\" class=\"elementor-field elementor-size-sm  elementor-field-textual\" placeholder=\"Your Email\">\n\t\t\t\t\t\t\t\t\t\t\t<\/div>\n\t\t\t\t\t\t\t\t<div class=\"elementor-field-type-tel elementor-field-group elementor-column elementor-field-group-field_a823f22 elementor-col-100 elementor-field-required elementor-mark-required\">\n\t\t\t\t\t\t\t\t\t\t\t\t<label for=\"form-field-field_a823f22\" class=\"elementor-field-label\">\n\t\t\t\t\t\t\t\tTelephone\t\t\t\t\t\t\t<\/label>\n\t\t\t\t\t\t\t\t<input size=\"1\" type=\"tel\" name=\"form_fields[field_a823f22]\" id=\"form-field-field_a823f22\" class=\"elementor-field elementor-size-sm  elementor-field-textual\" placeholder=\"Your phone number\" required=\"required\" pattern=\"[0-9()#&amp;+*-=.]+\" title=\"Seuls les caract\u00e8res de num\u00e9ros de t\u00e9l\u00e9phone (#, -, *, etc.) sont accept\u00e9s.\">\n\n\t\t\t\t\t\t<\/div>\n\t\t\t\t\t\t\t\t<div class=\"elementor-field-type-textarea elementor-field-group elementor-column elementor-field-group-message elementor-col-100\">\n\t\t\t\t\t\t\t\t\t\t\t\t<label for=\"form-field-message\" class=\"elementor-field-label\">\n\t\t\t\t\t\t\t\tSocial Media Handles if any:\t\t\t\t\t\t\t<\/label>\n\t\t\t\t\t\t<textarea class=\"elementor-field-textual elementor-field  elementor-size-sm\" name=\"form_fields[message]\" id=\"form-field-message\" rows=\"1\" placeholder=\"Facebook, Instagram or anywere your work is displayed \"><\/textarea>\t\t\t\t<\/div>\n\t\t\t\t\t\t\t\t<div class=\"elementor-field-type-upload elementor-field-group elementor-column elementor-field-group-field_d11a11f elementor-col-100\">\n\t\t\t\t\t\t\t\t\t\t\t\t<label for=\"form-field-field_d11a11f\" class=\"elementor-field-label\">\n\t\t\t\t\t\t\t\tUpload Resume and\/or Work Examples\t\t\t\t\t\t\t<\/label>\n\t\t\t\t\t\t\t\t<input type=\"file\" name=\"form_fields[field_d11a11f][]\" id=\"form-field-field_d11a11f\" class=\"elementor-field elementor-size-sm  elementor-upload-field\" multiple=\"multiple\">\n\n\t\t\t\t\t\t<\/div>\n\t\t\t\t\t\t\t\t<div class=\"elementor-field-type-select elementor-field-group elementor-column elementor-field-group-field_46ef7b2 elementor-col-100 elementor-field-type-select-multiple elementor-field-required elementor-mark-required\">\n\t\t\t\t\t\t\t\t\t\t\t\t<label for=\"form-field-field_46ef7b2\" class=\"elementor-field-label\">\n\t\t\t\t\t\t\t\tSelect you Ideal schedules\t\t\t\t\t\t\t<\/label>\n\t\t\t\t\t\t\t\t<div class=\"elementor-field elementor-select-wrapper remove-before \">\n\t\t\t<div class=\"select-caret-down-wrapper\">\n\t\t\t\t\t\t\t<\/div>\n\t\t\t<select name=\"form_fields[field_46ef7b2][]\" id=\"form-field-field_46ef7b2\" class=\"elementor-field-textual elementor-size-sm\" required=\"required\" multiple=\"\">\n\t\t\t\t\t\t\t\t\t<option value=\"Part Time\">Part Time<\/option>\n\t\t\t\t\t\t\t\t\t<option value=\"Full Time\">Full Time<\/option>\n\t\t\t\t\t\t\t\t\t<option value=\"Guest instructor\">Guest instructor<\/option>\n\t\t\t\t\t\t\t\t\t<option value=\"Private Instructor\">Private Instructor<\/option>\n\t\t\t\t\t\t\t<\/select>\n\t\t<\/div>\n\t\t\t\t\t\t<\/div>\n\t\t\t\t\t\t\t\t<div class=\"elementor-field-group elementor-column elementor-field-type-submit elementor-col-100 e-form__buttons\">\n\t\t\t\t\t<button class=\"elementor-button elementor-size-sm\" type=\"submit\">\n\t\t\t\t\t\t<span class=\"elementor-button-content-wrapper\">\n\t\t\t\t\t\t\t\t\t\t\t\t\t\t\t\t\t\t\t\t\t\t<span class=\"elementor-button-text\">Send<\/span>\n\t\t\t\t\t\t\t\t\t\t\t\t\t<\/span>\n\t\t\t\t\t<\/button>\n\t\t\t\t<\/div>\n\t\t\t<\/div>\n\t\t<\/form>\n\t\t\t\t\t\t<\/div>\n\t\t\t\t<\/div>\n\t\t\t\t\t<\/div>\n\t\t<\/div>\n\t\t\t\t<div class=\"elementor-column elementor-col-50 elementor-top-column elementor-element elementor-element-b0d39cc\" data-id=\"b0d39cc\" data-element_type=\"column\" data-e-type=\"column\">\n\t\t\t<div class=\"elementor-widget-wrap elementor-element-populated\">\n\t\t\t\t\t\t<div class=\"elementor-element elementor-element-05a9d4d thim-widget-tab elementor-widget thim-widget-tab template-tab\" data-id=\"05a9d4d\" data-element_type=\"widget\" data-e-type=\"widget\" data-widget_type=\"thim-tab.default\">\n\t\t\t\t<div class=\"elementor-widget-container\">\n\t\t\t\t\t<ul class=\"nav nav-tabs\" role=\"tablist\"><li role=\"presentation\" class='active tab-col-3'><a href=\"#thim-widget-tab-11776221038-1-27\"  role=\"tab\" data-toggle=\"tab\"><i class=\"fa fa-user-plus\"><\/i><span>Become an Intructor<\/span><\/a><\/li><li role=\"presentation\" class='tab-col-3'><a href=\"#thim-widget-tab-21776221038-1-27\"  role=\"tab\" data-toggle=\"tab\"><i class=\"fa fa-list-ol\"><\/i><span>Intructor Responsabilities<\/span><\/a><\/li><li role=\"presentation\" class='tab-col-3'><a href=\"#thim-widget-tab-31776221038-1-27\"  role=\"tab\" data-toggle=\"tab\"><i class=\"fa fa-book\"><\/i><span>Ideal Condidate<\/span><\/a><\/li><\/ul><div class=\"tab-content\"> <div role=\"tabpanel\" class=\"tab-pane active\" id=\"thim-widget-tab-11776221038-1-27\"><br>We have available teaching positions in our hair schools in montreal.  For our hairdressing and barbering programs. \n\n<p>Positions available are: \n<br>-Part time \n<br>-Full time \n<br>-Guest instructor\n<br>-Private Instructor\n<br>-Online instructor\n\n<br>Usual class schedule in our schools includes: \n<br>Monday to Thursday and Saturdays. \n<br>Successful candidate will be offered different schedule options.<\/div> <div role=\"tabpanel\" class=\"tab-pane\" id=\"thim-widget-tab-21776221038-1-27\">\n- Teach Hairdressing\/barbering techniques <br>\n- Teach Procatice and theory\n<br>\n- Follow course outline and procedures as determined by the school program and guidelines.\n<br>\n- Contentiously monitor student progress and provide necessary guidance.<br>\n\n- Perform administrative duties including but not limited to: student registration and completion of necessary paperwork, payment collection, and student file management.\n<br>\n- Report to the Program Administrator<\/div> <div role=\"tabpanel\" class=\"tab-pane\" id=\"thim-widget-tab-31776221038-1-27\">The Ideal candidate must\/should:\n<br><\/br>\n- Has proven experience in hairdressing and barbering techniques (is a must).\n<br>\n- Has Teaching or Coaching experience (is a must).\n<br>\n- Has Barbershop or Salon management experience (is an asset).\n<br>\n- Good interpersonal and communication skills (ability to communicate information effectively and assist students as needed)\n<br>\n- Excellent organizational skills\n<br>\n- Demonstrated Professionalism, Punctuality and Reliability.\n<br>\n- Be Bilingual<\/div><\/div>\t\t\t\t<\/div>\n\t\t\t\t<\/div>\n\t\t\t\t\t<\/div>\n\t\t<\/div>\n\t\t\t\t\t<\/div>\n\t\t<\/section>\n\t\t\t\t<\/div>\n\t\t","protected":false},"excerpt":{"rendered":"<p>Apply As Instructor Join the family Nous sommes continuellement \u00e0 la recherche de personnes talentueuses et passionn\u00e9es pour se joindre \u00e0 notre \u00e9quipe. Vous pouvez postuler pour un poste \u00e0 temps partiel ou \u00e0 temps plein en tant qu&rsquo;instructeur dans &hellip; <\/p>\n","protected":false},"author":1,"featured_media":0,"parent":0,"menu_order":0,"comment_status":"closed","ping_status":"closed","template":"","meta":{"footnotes":""},"class_list":["post-12377","page","type-page","status-publish","hentry"],"yoast_head":"<!-- This site is optimized with the Yoast SEO plugin v27.3 - https:\/\/yoast.com\/product\/yoast-seo-wordpress\/ -->\n<title>Devenez Instructeur | Carri\u00e8re en Enseignement | \u00c9cole de Coiffure<\/title>\n<meta name=\"robots\" content=\"index, follow, max-snippet:-1, max-image-preview:large, max-video-preview:-1\" \/>\n<link rel=\"canonical\" href=\"https:\/\/ecoledecoiffure.ca\/fr\/become-a-teacher\/\" \/>\n<meta property=\"og:locale\" content=\"fr_FR\" \/>\n<meta property=\"og:type\" content=\"article\" \/>\n<meta property=\"og:title\" content=\"Devenez Instructeur | Carri\u00e8re en Enseignement | \u00c9cole de Coiffure\" \/>\n<meta property=\"og:description\" content=\"Apply As Instructor Join the family Nous sommes continuellement \u00e0 la recherche de personnes talentueuses et passionn\u00e9es pour se joindre \u00e0 notre \u00e9quipe. Vous pouvez postuler pour un poste \u00e0 temps partiel ou \u00e0 temps plein en tant qu&rsquo;instructeur dans &hellip;\" \/>\n<meta property=\"og:url\" content=\"https:\/\/ecoledecoiffure.ca\/fr\/become-a-teacher\/\" \/>\n<meta property=\"og:site_name\" content=\"Ecole de coiffure International\" \/>\n<meta property=\"article:modified_time\" content=\"2026-04-13T08:28:21+00:00\" \/>\n<meta property=\"og:image\" content=\"https:\/\/txe.35e.myftpupload.com\/wp-content\/uploads\/2021\/12\/handshake-hairstyling-educator-and-female-studen-2021-09-27-22-52-52-utc.jpeg\" \/>\n<meta name=\"twitter:card\" content=\"summary_large_image\" \/>\n<meta name=\"twitter:label1\" content=\"Dur\u00e9e de lecture estim\u00e9e\" \/>\n\t<meta name=\"twitter:data1\" content=\"1 minute\" \/>\n<script type=\"application\/ld+json\" class=\"yoast-schema-graph\">{\"@context\":\"https:\\\/\\\/schema.org\",\"@graph\":[{\"@type\":\"WebPage\",\"@id\":\"https:\\\/\\\/ecoledecoiffure.ca\\\/fr\\\/become-a-teacher\\\/\",\"url\":\"https:\\\/\\\/ecoledecoiffure.ca\\\/fr\\\/become-a-teacher\\\/\",\"name\":\"Devenez Instructeur | Carri\u00e8re en Enseignement | \u00c9cole de Coiffure\",\"isPartOf\":{\"@id\":\"https:\\\/\\\/ecoledecoiffure.ca\\\/fr\\\/#website\"},\"primaryImageOfPage\":{\"@id\":\"https:\\\/\\\/ecoledecoiffure.ca\\\/fr\\\/become-a-teacher\\\/#primaryimage\"},\"image\":{\"@id\":\"https:\\\/\\\/ecoledecoiffure.ca\\\/fr\\\/become-a-teacher\\\/#primaryimage\"},\"thumbnailUrl\":\"https:\\\/\\\/txe.35e.myftpupload.com\\\/wp-content\\\/uploads\\\/2021\\\/12\\\/handshake-hairstyling-educator-and-female-studen-2021-09-27-22-52-52-utc.jpeg\",\"datePublished\":\"2015-11-03T07:46:28+00:00\",\"dateModified\":\"2026-04-13T08:28:21+00:00\",\"breadcrumb\":{\"@id\":\"https:\\\/\\\/ecoledecoiffure.ca\\\/fr\\\/become-a-teacher\\\/#breadcrumb\"},\"inLanguage\":\"fr-FR\",\"potentialAction\":[{\"@type\":\"ReadAction\",\"target\":[\"https:\\\/\\\/ecoledecoiffure.ca\\\/fr\\\/become-a-teacher\\\/\"]}]},{\"@type\":\"ImageObject\",\"inLanguage\":\"fr-FR\",\"@id\":\"https:\\\/\\\/ecoledecoiffure.ca\\\/fr\\\/become-a-teacher\\\/#primaryimage\",\"url\":\"https:\\\/\\\/txe.35e.myftpupload.com\\\/wp-content\\\/uploads\\\/2021\\\/12\\\/handshake-hairstyling-educator-and-female-studen-2021-09-27-22-52-52-utc.jpeg\",\"contentUrl\":\"https:\\\/\\\/txe.35e.myftpupload.com\\\/wp-content\\\/uploads\\\/2021\\\/12\\\/handshake-hairstyling-educator-and-female-studen-2021-09-27-22-52-52-utc.jpeg\"},{\"@type\":\"BreadcrumbList\",\"@id\":\"https:\\\/\\\/ecoledecoiffure.ca\\\/fr\\\/become-a-teacher\\\/#breadcrumb\",\"itemListElement\":[{\"@type\":\"ListItem\",\"position\":1,\"name\":\"Home\",\"item\":\"https:\\\/\\\/ecoledecoiffure.ca\\\/fr\\\/home\\\/\"},{\"@type\":\"ListItem\",\"position\":2,\"name\":\"Become a Teacher\"}]},{\"@type\":\"WebSite\",\"@id\":\"https:\\\/\\\/ecoledecoiffure.ca\\\/fr\\\/#website\",\"url\":\"https:\\\/\\\/ecoledecoiffure.ca\\\/fr\\\/\",\"name\":\"Ecole de coiffure International\",\"description\":\"L&#039;art de la coiffure pour Homme et pour Femme\",\"potentialAction\":[{\"@type\":\"SearchAction\",\"target\":{\"@type\":\"EntryPoint\",\"urlTemplate\":\"https:\\\/\\\/ecoledecoiffure.ca\\\/fr\\\/?s={search_term_string}\"},\"query-input\":{\"@type\":\"PropertyValueSpecification\",\"valueRequired\":true,\"valueName\":\"search_term_string\"}}],\"inLanguage\":\"fr-FR\"}]}<\/script>\n<!-- \/ Yoast SEO plugin. -->","yoast_head_json":{"title":"Devenez Instructeur | Carri\u00e8re en Enseignement | \u00c9cole de Coiffure","robots":{"index":"index","follow":"follow","max-snippet":"max-snippet:-1","max-image-preview":"max-image-preview:large","max-video-preview":"max-video-preview:-1"},"canonical":"https:\/\/ecoledecoiffure.ca\/fr\/become-a-teacher\/","og_locale":"fr_FR","og_type":"article","og_title":"Devenez Instructeur | Carri\u00e8re en Enseignement | \u00c9cole de Coiffure","og_description":"Apply As Instructor Join the family Nous sommes continuellement \u00e0 la recherche de personnes talentueuses et passionn\u00e9es pour se joindre \u00e0 notre \u00e9quipe. Vous pouvez postuler pour un poste \u00e0 temps partiel ou \u00e0 temps plein en tant qu&rsquo;instructeur dans &hellip;","og_url":"https:\/\/ecoledecoiffure.ca\/fr\/become-a-teacher\/","og_site_name":"Ecole de coiffure International","article_modified_time":"2026-04-13T08:28:21+00:00","og_image":[{"url":"https:\/\/txe.35e.myftpupload.com\/wp-content\/uploads\/2021\/12\/handshake-hairstyling-educator-and-female-studen-2021-09-27-22-52-52-utc.jpeg","type":"","width":"","height":""}],"twitter_card":"summary_large_image","twitter_misc":{"Dur\u00e9e de lecture estim\u00e9e":"1 minute"},"schema":{"@context":"https:\/\/schema.org","@graph":[{"@type":"WebPage","@id":"https:\/\/ecoledecoiffure.ca\/fr\/become-a-teacher\/","url":"https:\/\/ecoledecoiffure.ca\/fr\/become-a-teacher\/","name":"Devenez Instructeur | Carri\u00e8re en Enseignement | \u00c9cole de Coiffure","isPartOf":{"@id":"https:\/\/ecoledecoiffure.ca\/fr\/#website"},"primaryImageOfPage":{"@id":"https:\/\/ecoledecoiffure.ca\/fr\/become-a-teacher\/#primaryimage"},"image":{"@id":"https:\/\/ecoledecoiffure.ca\/fr\/become-a-teacher\/#primaryimage"},"thumbnailUrl":"https:\/\/txe.35e.myftpupload.com\/wp-content\/uploads\/2021\/12\/handshake-hairstyling-educator-and-female-studen-2021-09-27-22-52-52-utc.jpeg","datePublished":"2015-11-03T07:46:28+00:00","dateModified":"2026-04-13T08:28:21+00:00","breadcrumb":{"@id":"https:\/\/ecoledecoiffure.ca\/fr\/become-a-teacher\/#breadcrumb"},"inLanguage":"fr-FR","potentialAction":[{"@type":"ReadAction","target":["https:\/\/ecoledecoiffure.ca\/fr\/become-a-teacher\/"]}]},{"@type":"ImageObject","inLanguage":"fr-FR","@id":"https:\/\/ecoledecoiffure.ca\/fr\/become-a-teacher\/#primaryimage","url":"https:\/\/txe.35e.myftpupload.com\/wp-content\/uploads\/2021\/12\/handshake-hairstyling-educator-and-female-studen-2021-09-27-22-52-52-utc.jpeg","contentUrl":"https:\/\/txe.35e.myftpupload.com\/wp-content\/uploads\/2021\/12\/handshake-hairstyling-educator-and-female-studen-2021-09-27-22-52-52-utc.jpeg"},{"@type":"BreadcrumbList","@id":"https:\/\/ecoledecoiffure.ca\/fr\/become-a-teacher\/#breadcrumb","itemListElement":[{"@type":"ListItem","position":1,"name":"Home","item":"https:\/\/ecoledecoiffure.ca\/fr\/home\/"},{"@type":"ListItem","position":2,"name":"Become a Teacher"}]},{"@type":"WebSite","@id":"https:\/\/ecoledecoiffure.ca\/fr\/#website","url":"https:\/\/ecoledecoiffure.ca\/fr\/","name":"Ecole de coiffure International","description":"L&#039;art de la coiffure pour Homme et pour Femme","potentialAction":[{"@type":"SearchAction","target":{"@type":"EntryPoint","urlTemplate":"https:\/\/ecoledecoiffure.ca\/fr\/?s={search_term_string}"},"query-input":{"@type":"PropertyValueSpecification","valueRequired":true,"valueName":"search_term_string"}}],"inLanguage":"fr-FR"}]}},"_links":{"self":[{"href":"https:\/\/ecoledecoiffure.ca\/fr\/wp-json\/wp\/v2\/pages\/12377","targetHints":{"allow":["GET"]}}],"collection":[{"href":"https:\/\/ecoledecoiffure.ca\/fr\/wp-json\/wp\/v2\/pages"}],"about":[{"href":"https:\/\/ecoledecoiffure.ca\/fr\/wp-json\/wp\/v2\/types\/page"}],"author":[{"embeddable":true,"href":"https:\/\/ecoledecoiffure.ca\/fr\/wp-json\/wp\/v2\/users\/1"}],"replies":[{"embeddable":true,"href":"https:\/\/ecoledecoiffure.ca\/fr\/wp-json\/wp\/v2\/comments?post=12377"}],"version-history":[{"count":4,"href":"https:\/\/ecoledecoiffure.ca\/fr\/wp-json\/wp\/v2\/pages\/12377\/revisions"}],"predecessor-version":[{"id":12385,"href":"https:\/\/ecoledecoiffure.ca\/fr\/wp-json\/wp\/v2\/pages\/12377\/revisions\/12385"}],"wp:attachment":[{"href":"https:\/\/ecoledecoiffure.ca\/fr\/wp-json\/wp\/v2\/media?parent=12377"}],"curies":[{"name":"wp","href":"https:\/\/api.w.org\/{rel}","templated":true}]}}